{"id":7,"date":"2013-09-26T10:52:17","date_gmt":"2013-09-26T08:52:17","guid":{"rendered":"http:\/\/www.focus-beratung.de\/?page_id=7"},"modified":"2024-12-10T19:24:50","modified_gmt":"2024-12-10T17:24:50","slug":"leistungen","status":"publish","type":"page","link":"https:\/\/www.focus-beratung.de\/?page_id=7","title":{"rendered":"Leistungen"},"content":{"rendered":"<h1>Leistungen<\/h1>\n<div class=\"leftcolumn\"><\/p>\n<h2>Arbeitsschwerpunkte von FOCUS &#8211; Beratung<\/h2>\n<ul class=\"mitabstand\">\n<li>Trainings zum Thema Mitarbeiterf\u00fchrung:<br \/>\nEvaluation, Konzeption und Durchf\u00fchrung von Workshops f\u00fcr F\u00fchrungskr\u00e4fte (mit Kooperationspartnern) <a title=\"Fortbildung\" href=\"http:\/\/www.focus-beratung.de\/?page_id=17\">mehr<\/a><\/li>\n<li>Organisationsberatung und Organisationsentwicklung:<br \/>\nAnalyse von Strukturen und Abl\u00e4ufen, Gestaltung von Transformationsprozessen, agile Personalentwicklung,\u2026 <a title=\"Organisationsberatung\" href=\"http:\/\/www.focus-beratung.de\/?page_id=19\">mehr<\/a><\/li>\n<li>Coaching von F\u00fchrungskr\u00e4ften:<br \/>\nPotentialanalyse, Strategieentwicklung, Personalf\u00fchrung und Personalentwicklung, Ressourcenmanagement <a title=\"Coaching\" href=\"http:\/\/www.focus-beratung.de\/?page_id=21\">mehr<\/a><\/li>\n<li>Moderation von Workshops und Klausuren:<br \/>\nZukunfts-Workshop, Ziel-Klausur, Teamtage, Strategieworkshop \u2026 <a title=\"Unternehmensstrategie\" href=\"http:\/\/www.focus-beratung.de\/?page_id=23\">mehr<\/a><\/li>\n<li>Supervision in sozialen Einrichtungen:<br \/>\nEinzel \u2013 und Teamsupervision, Teamentwicklung, Konzeptentwicklung, Konfliktmoderation <a title=\"Supervision\" href=\"http:\/\/www.focus-beratung.de\/?page_id=25\">mehr<\/a><\/li>\n<\/ul>\n<p><\/div>\n","protected":false},"excerpt":{"rendered":"<p>Leistungen<\/p>\n","protected":false},"author":1,"featured_media":0,"parent":0,"menu_order":0,"comment_status":"open","ping_status":"open","template":"","meta":[],"_links":{"self":[{"href":"https:\/\/www.focus-beratung.de\/index.php?rest_route=\/wp\/v2\/pages\/7"}],"collection":[{"href":"https:\/\/www.focus-beratung.de\/index.php?rest_route=\/wp\/v2\/pages"}],"about":[{"href":"https:\/\/www.focus-beratung.de\/index.php?rest_route=\/wp\/v2\/types\/page"}],"author":[{"embeddable":true,"href":"https:\/\/www.focus-beratung.de\/index.php?rest_route=\/wp\/v2\/users\/1"}],"replies":[{"embeddable":true,"href":"https:\/\/www.focus-beratung.de\/index.php?rest_route=%2Fwp%2Fv2%2Fcomments&post=7"}],"version-history":[{"count":18,"href":"https:\/\/www.focus-beratung.de\/index.php?rest_route=\/wp\/v2\/pages\/7\/revisions"}],"predecessor-version":[{"id":570,"href":"https:\/\/www.focus-beratung.de\/index.php?rest_route=\/wp\/v2\/pages\/7\/revisions\/570"}],"wp:attachment":[{"href":"https:\/\/www.focus-beratung.de\/index.php?rest_route=%2Fwp%2Fv2%2Fmedia&parent=7"}],"curies":[{"name":"wp","href":"https:\/\/api.w.org\/{rel}","templated":true}]}}