{"id":25,"date":"2013-09-26T10:56:28","date_gmt":"2013-09-26T08:56:28","guid":{"rendered":"http:\/\/www.focus-beratung.de\/?page_id=25"},"modified":"2024-12-10T19:29:55","modified_gmt":"2024-12-10T17:29:55","slug":"supervision","status":"publish","type":"page","link":"https:\/\/www.focus-beratung.de\/?page_id=25","title":{"rendered":"Supervision"},"content":{"rendered":"<h1>Supervision<\/h1>\n<div class=\"leftcolumn\">\n<p>Supervision ist ein Instrument der Personalentwicklung und der Qualit\u00e4tssicherung, sie dient der Reflektion und Verbesserung beruflichen Handelns und leistet einen wichtigen Beitrag zur Verhinderung von Burnout.<\/p>\n<p class=\"before-ul\">Mit Supervision bekommen Sie einen klaren Blick:<\/p>\n<ul>\n<li>F\u00fcr Ihre Potentiale und Ressourcen<\/li>\n<li>f\u00fcr Zusammenh\u00e4nge und Strukturen in Systemen<\/li>\n<li>f\u00fcr die Wirkung von Kommunikation und Interaktion<\/li>\n<li>daf\u00fcr, was realisierbar ist und was eher nicht.<\/li>\n<\/ul>\n<p class=\"before-ul\">Die Ziele und Inhalte einer Supervision werden vor Beginn des Prozesses in einem Kontrakt vereinbart. Themen in der Supervision k\u00f6nnen z.B. sein:<\/p>\n<p class=\"before-ul\">Auf der pers\u00f6nlichen Ebene:<\/p>\n<ul>\n<li>Was verlange ich von mir?\u2028\u00a0 Was fordert die Arbeit von mir? Wo sind meine Grenzen?<\/li>\n<li>Wie gehe ich bei bestimmten Situationen vor:\u00a0 z.B. Entscheidungsfindung, Umgang mit Klienten, Kollegen, Vorgesetzten?<\/li>\n<\/ul>\n<p class=\"before-ul\">Auf der Teamebene:<\/p>\n<ul>\n<li>Wie arbeiten wir als Team zusammen?<\/li>\n<li>Welche Ziele haben wir, mit welchen Methoden wollen wir diese erreichen?<\/li>\n<li>Wie kann die Arbeit im Team zufriedenstellender gestaltet werden?<\/li>\n<\/ul>\n<p>Formen von Supervision: Einzelberatung, Gruppensupervision, Teamsupervision, Leitungssupervision, Konzeptberatung, Projektsupervision.<\/p>\n<p>Nutzen Sie die M\u00f6glichkeit eines Vorgespr\u00e4ches und lassen Sie sich von einem erfahrenen Experten \u00fcber die Chancen und Wirkungsm\u00f6glichkeiten von Supervision informieren.<\/p>\n<p><span style=\"color: #0000ff;\">Supervision und Coaching sind auch online m\u00f6glich (Telefon, Video).<\/span><\/p>\n<p>&nbsp;<\/p>\n<p>Weitere Informationen unter Tel. 0049 171 1744750<br \/>\nE-Mail: d.sommer@focus-beratung.de<\/p>\n<p>&nbsp;<\/p>\n<p>&nbsp;<\/p>\n<p>&nbsp;<\/p>\n<p><\/div><div class=\"rightcolumn\"><\/p>\n<p><a href=\"http:\/\/www.focus-beratung.de\/wp-content\/uploads\/2013\/09\/TTWO9549-Profil-2.jpg\"><img loading=\"lazy\" class=\"alignnone size-medium wp-image-316\" src=\"http:\/\/www.focus-beratung.de\/wp-content\/uploads\/2013\/09\/TTWO9549-Profil-2-252x300.jpg\" alt=\"TTWO9549-Profil 2\" width=\"181\" height=\"215\" srcset=\"https:\/\/www.focus-beratung.de\/wp-content\/uploads\/2013\/09\/TTWO9549-Profil-2-252x300.jpg 252w, https:\/\/www.focus-beratung.de\/wp-content\/uploads\/2013\/09\/TTWO9549-Profil-2.jpg 300w\" sizes=\"(max-width: 181px) 100vw, 181px\" \/><\/a><br \/>\nDetlev Sommer<\/p>\n<h2>Qualifikation<\/h2>\n<h2><\/h2>\n<p>Diplom &#8211; Sozialp\u00e4dagoge FH<br \/>\nSupervisor \/ Coach DGSV<br \/>\nZertifizierte Zusatzausbildung nach den Standards der Deutschen Gesellschaft f\u00fcr Supervision und Coaching DGSV e.V.<\/p>\n<p>Weiterbildung und Fortbildungen:<\/p>\n<p>Familientherapie, Kommunikationstheorie, Psychodrama, Organisationsberatung, Qualit\u00e4tsmanagement, Mediation, l\u00f6sungsorientierte Beratung, Mitarbeiterf\u00fchrung,<br \/>\nsystemische Strukturaufstellungen, Zeit- und Selbstorganisation, betriebliches Gesundheitsmanagement, Onlineberatung, hypnosystemische Methoden\u00a0 u.a.<\/p>\n<p>Mitglied in der Dt. Gesellschaft f\u00fcr Supervision und Coaching DGSV, K\u00f6ln<br \/>\nTeilnahme am Qualit\u00e4tsverfahren der DGSV<\/p>\n<p>Lehrbeauftragter an der Hochschule Landshut im Masterstudiengang Klinische Sozialarbeit 2014 &#8211; 2016<\/p>\n<p>Lehrsupervisor an der Kath. Stiftungshochschule M\u00fcnchen<a href=\"http:\/\/www.focus-beratung.de\/wp-content\/uploads\/2013\/09\/Logo-DGSV-schwarz.png\"><img loading=\"lazy\" class=\"alignnone size-full wp-image-294\" src=\"http:\/\/www.focus-beratung.de\/wp-content\/uploads\/2013\/09\/Logo-DGSV-schwarz.png\" alt=\"Logo DGSV schwarz\" width=\"236\" height=\"200\" \/><\/a><\/p>\n<p><\/div><\/p>\n","protected":false},"excerpt":{"rendered":"<p>Supervision<\/p>\n","protected":false},"author":1,"featured_media":0,"parent":0,"menu_order":0,"comment_status":"closed","ping_status":"closed","template":"","meta":[],"_links":{"self":[{"href":"https:\/\/www.focus-beratung.de\/index.php?rest_route=\/wp\/v2\/pages\/25"}],"collection":[{"href":"https:\/\/www.focus-beratung.de\/index.php?rest_route=\/wp\/v2\/pages"}],"about":[{"href":"https:\/\/www.focus-beratung.de\/index.php?rest_route=\/wp\/v2\/types\/page"}],"author":[{"embeddable":true,"href":"https:\/\/www.focus-beratung.de\/index.php?rest_route=\/wp\/v2\/users\/1"}],"replies":[{"embeddable":true,"href":"https:\/\/www.focus-beratung.de\/index.php?rest_route=%2Fwp%2Fv2%2Fcomments&post=25"}],"version-history":[{"count":68,"href":"https:\/\/www.focus-beratung.de\/index.php?rest_route=\/wp\/v2\/pages\/25\/revisions"}],"predecessor-version":[{"id":575,"href":"https:\/\/www.focus-beratung.de\/index.php?rest_route=\/wp\/v2\/pages\/25\/revisions\/575"}],"wp:attachment":[{"href":"https:\/\/www.focus-beratung.de\/index.php?rest_route=%2Fwp%2Fv2%2Fmedia&parent=25"}],"curies":[{"name":"wp","href":"https:\/\/api.w.org\/{rel}","templated":true}]}}